{"id":172,"date":"2023-09-17T21:34:13","date_gmt":"2023-09-17T19:34:13","guid":{"rendered":"https:\/\/chezguillaume85.fr\/?page_id=172"},"modified":"2023-09-18T21:49:50","modified_gmt":"2023-09-18T19:49:50","slug":"reservation-chambre","status":"publish","type":"page","link":"https:\/\/chezguillaume85.fr\/index.php\/reservation-chambre\/","title":{"rendered":"R\u00e9servation chambre"},"content":{"rendered":"\n<h2 class=\"wp-block-heading\">Calendrier<\/h2>\n\n\n\n<p>Seules les dates qui ne sont pas en rouge sont disponibles \u00e0 la r\u00e9servation ! N\u00e9anmoins, vous pouvez me contacter par t\u00e9l\u00e9phone ou par courriel, afin que je vous confirme si des d\u00e9blocages sont possibles !<\/p>\n\n\n\n<div id=\"smoobuApartment1665052fr\" class=\"calendarWidget\"> <div class=\"calendarContent\" data-load-calendar-url=\"https:\/\/login.smoobu.com\/fr\/cockpit\/widget\/single-calendar\/1665052\" data-verification=\"744347c54bf05b15173b794492eb863e09ecf48fe35604a93e49cfccf27de92d\" data-baseUrl=\"https:\/\/login.smoobu.com\" data-disable-css=\"false\" ><\/div> <script type=\"text\/javascript\" src=\"https:\/\/login.smoobu.com\/js\/Apartment\/CalendarWidget.js\"><\/script><\/div>\n\n\n\n<h2 class=\"wp-block-heading\">R\u00e9servation en ligne<\/h2>\n\n\n\n<div id=\"apartmentIframeAll\">\n<script type=\"text\/javascript\" src=\"https:\/\/login.smoobu.com\/js\/Settings\/BookingToolIframe.js\"><\/script>\n<script>BookingToolIframe.initialize({\"url\": \"https:\/\/login.smoobu.com\/fr\/booking-tool\/iframe\/593062\", \"baseUrl\": \"https:\/\/login.smoobu.com\", \"target\": \"#apartmentIframeAll\"})<\/script>\n<\/div>\n","protected":false},"excerpt":{"rendered":"<p>Calendrier Seules les dates qui ne sont pas en rouge sont disponibles \u00e0 la r\u00e9servation ! N\u00e9anmoins, vous pouvez me contacter par t\u00e9l\u00e9phone ou par courriel, afin que je vous &hellip; <\/p>\n","protected":false},"author":1,"featured_media":72,"parent":0,"menu_order":0,"comment_status":"closed","ping_status":"closed","template":"","meta":{"ngg_post_thumbnail":0,"jetpack_post_was_ever_published":false,"_glsr_average":0,"_glsr_ranking":0,"_glsr_reviews":0,"footnotes":""},"class_list":["post-172","page","type-page","status-publish","has-post-thumbnail","hentry"],"aioseo_notices":[],"jetpack-related-posts":[],"jetpack_sharing_enabled":true,"_links":{"self":[{"href":"https:\/\/chezguillaume85.fr\/index.php\/wp-json\/wp\/v2\/pages\/172","targetHints":{"allow":["GET"]}}],"collection":[{"href":"https:\/\/chezguillaume85.fr\/index.php\/wp-json\/wp\/v2\/pages"}],"about":[{"href":"https:\/\/chezguillaume85.fr\/index.php\/wp-json\/wp\/v2\/types\/page"}],"author":[{"embeddable":true,"href":"https:\/\/chezguillaume85.fr\/index.php\/wp-json\/wp\/v2\/users\/1"}],"replies":[{"embeddable":true,"href":"https:\/\/chezguillaume85.fr\/index.php\/wp-json\/wp\/v2\/comments?post=172"}],"version-history":[{"count":9,"href":"https:\/\/chezguillaume85.fr\/index.php\/wp-json\/wp\/v2\/pages\/172\/revisions"}],"predecessor-version":[{"id":191,"href":"https:\/\/chezguillaume85.fr\/index.php\/wp-json\/wp\/v2\/pages\/172\/revisions\/191"}],"wp:featuredmedia":[{"embeddable":true,"href":"https:\/\/chezguillaume85.fr\/index.php\/wp-json\/wp\/v2\/media\/72"}],"wp:attachment":[{"href":"https:\/\/chezguillaume85.fr\/index.php\/wp-json\/wp\/v2\/media?parent=172"}],"curies":[{"name":"wp","href":"https:\/\/api.w.org\/{rel}","templated":true}]}}