{"id":208,"date":"2023-09-18T14:08:43","date_gmt":"2023-09-18T12:08:43","guid":{"rendered":"https:\/\/chezguillaume85.fr\/index.php\/cancel-appointment\/"},"modified":"-0001-11-30T00:00:00","modified_gmt":"-0001-11-29T22:00:00","slug":"cancel-appointment","status":"publish","type":"page","link":"https:\/\/chezguillaume85.fr\/index.php\/cancel-appointment\/","title":{"rendered":"Rendez-vous annul\u00e9"},"content":{"rendered":"\n<div class=\"bpa-front-cancel-module-container\">\n<div class=\"bpa-front-cmc__title\">Nous sommes d\u00e9sol\u00e9s d&#039;apprendre que vous avez demand\u00e9 l&#039;annulation du rendez-vous.<\/div>\n<div class=\"bpa-front-cmc__desc\">Nous avons envoy\u00e9 une notification par e-mail pour annuler un rendez-vous. Veuillez cliquer sur le bouton pour annuler le rendez-vous.<\/div>\n<\/p><\/div>\n","protected":false},"excerpt":{"rendered":"<p>Nous sommes d\u00e9sol\u00e9s d&#039;apprendre que vous avez demand\u00e9 l&#039;annulation du rendez-vous. Nous avons envoy\u00e9 une notification par e-mail pour annuler un rendez-vous. Veuillez cliquer sur le bouton pour annuler le &hellip; <\/p>\n","protected":false},"author":1,"featured_media":0,"parent":0,"menu_order":0,"comment_status":"open","ping_status":"open","template":"","meta":{"ngg_post_thumbnail":0,"jetpack_post_was_ever_published":false,"_glsr_average":0,"_glsr_ranking":0,"_glsr_reviews":0,"footnotes":""},"class_list":["post-208","page","type-page","status-publish","hentry"],"aioseo_notices":[],"jetpack-related-posts":[],"jetpack_sharing_enabled":true,"_links":{"self":[{"href":"https:\/\/chezguillaume85.fr\/index.php\/wp-json\/wp\/v2\/pages\/208","targetHints":{"allow":["GET"]}}],"collection":[{"href":"https:\/\/chezguillaume85.fr\/index.php\/wp-json\/wp\/v2\/pages"}],"about":[{"href":"https:\/\/chezguillaume85.fr\/index.php\/wp-json\/wp\/v2\/types\/page"}],"author":[{"embeddable":true,"href":"https:\/\/chezguillaume85.fr\/index.php\/wp-json\/wp\/v2\/users\/1"}],"replies":[{"embeddable":true,"href":"https:\/\/chezguillaume85.fr\/index.php\/wp-json\/wp\/v2\/comments?post=208"}],"version-history":[{"count":0,"href":"https:\/\/chezguillaume85.fr\/index.php\/wp-json\/wp\/v2\/pages\/208\/revisions"}],"wp:attachment":[{"href":"https:\/\/chezguillaume85.fr\/index.php\/wp-json\/wp\/v2\/media?parent=208"}],"curies":[{"name":"wp","href":"https:\/\/api.w.org\/{rel}","templated":true}]}}